{"id":24,"date":"2013-03-15T13:34:33","date_gmt":"2013-03-15T12:34:33","guid":{"rendered":"http:\/\/www.suoredimontanaro.it\/wp\/?page_id=24"},"modified":"2013-04-23T09:46:27","modified_gmt":"2013-04-23T07:46:27","slug":"francesca-re","status":"publish","type":"page","link":"https:\/\/www.suoredimontanaro.it\/wp\/le-fondatrici\/francesca-re\/","title":{"rendered":"Francesca Re"},"content":{"rendered":"<p style=\"text-align: justify;\"><a href=\"https:\/\/www.suoredimontanaro.it\/wp\/wp-content\/uploads\/2013\/04\/francesca.jpg\"><img decoding=\"async\" class=\"alignleft  wp-image-736\" style=\"margin-left: 10px; margin-right: 10px;\" alt=\"Francesca Re\" src=\"https:\/\/www.suoredimontanaro.it\/wp\/wp-content\/uploads\/2013\/04\/francesca-349x1024.jpg\" width=\"300\" srcset=\"https:\/\/www.suoredimontanaro.it\/wp\/wp-content\/uploads\/2013\/04\/francesca-349x1024.jpg 349w, https:\/\/www.suoredimontanaro.it\/wp\/wp-content\/uploads\/2013\/04\/francesca-102x300.jpg 102w\" sizes=\"(max-width: 349px) 100vw, 349px\" \/><\/a>Terzogenita della famiglia di Carlo Re, agricoltore e fratello di madre Angela, nasce a Cortanze (AT) il 26 novembre 1723 ed \u00e8 battezzata con il nome di Francesca forse su consiglio della zia, Terziaria francescana.<br \/>\nStupisce la sua somiglianza con la zia e anche la sua grande inclinazione alla preghiera: pur piccolissima unisce la sua vocina all&#8217;Ave Maria del Rosario che ogni sera si prega in famiglia.<br \/>\nFrancesca ama giocare, fare lunghe corse sulle colline del suo villaggio ed \u00e8 solita entrare in chiesa per un saluto a Ges\u00f9.<br \/>\nIl parroco don Fraschini vedendone i progressi nella conoscenza del catechismo e la purezza d&#8217;animo, l&#8217;ammette alla prima comunione a dodici anni, anticipando i tempi in uso.<\/p>\n<p style=\"text-align: justify;\">Francesca, passando in chiesa, vede sovente il gruppo delle Terziarie francescane che pregano guidate dalla zia Angela e inizia a desiderare di unirsi per sempre a loro, per condividerne la preghiera e l&#8217;impegno nella carit\u00e0.<br \/>\n<strong>Quando l&#8217;et\u00e0 glielo consente, veste anche lei il saio e abbraccia con slancio l&#8217;ideale francescano<\/strong>.<br \/>\nA ventun anni, nel 1744, l&#8217;invito della chiesa giunge anche a lei e madre Angela, conoscendone la tempra generosa e forte, l&#8217;accoglie con gioia come consorella.<\/p>\n<p style=\"text-align: justify;\">A Montanaro inizia per Francesca un nuovo e impegnativo stile di vita: alle quattro e mezzo la sveglia per la preghiera comunitaria, meditazione, santa messa. Poi l&#8217;uscita in paese per visitare gli anziani soli e i molti malati, dando loro sollievo con qualche medicina, aiutando nelle pulizie e confortando con <strong>qualche buona parola di fede e con il pi\u00f9 luminoso sorriso<\/strong>.<br \/>\nSi narra che tra i malati che visitava ogni giorno, ci fosse un pover&#8217;uomo, affetto da una piaga cancrenosa a una gamba. Vane si erano mostrate tutte le cure mediche, continuate con poche speranze&#8230; Un giorno il medico, entrando nella povera casa, rimase sull&#8217;uscio in silenzio osservando una scena sconcertante: madre Francesca, credendosi sola, s&#8217;era chinata a baciare la piaga al malato. \u00a0Inorridito il medico corse vicino, mentre Madre Francesca si alzava prontamente e usciva in fretta e silenziosa dalla casa.\u00a0Quale per\u00f2 fu la sorpresa del dottore, quando, visitando la piaga del malato, costat\u00f2 che si era perfettamente rimarginata!<\/p>\n<p style=\"text-align: justify;\">La vita di carit\u00e0 verso il prossimo ha le sue radici profonde in <strong>una vita interiore intensissima, che si alimenta di preghiera e di penitenza<\/strong>.<br \/>\nDopo la morte di Madre Angela, \u00e8 per molti anni la pi\u00f9 anziana di vocazione e deve supplire la superiora nelle sue assenze, brillando per la materna carit\u00e0 verso le consorelle, consolandole con qualche facezia per sollevarle, facendosi inferma con le inferme.<br \/>\nOrmai l&#8217;attesa dello Sposo si fa di giorno in giorno pi\u00f9 pressante e madre Francesca, come la vergine prudente del Vangelo, gli va incontro con la lampada accesa del suo amore.<br \/>\nIl 9 gennaio 1794 dopo la solita alzata mattutina, mentre si reca alla preghiera, un colpo apoplettico ferma per sempre il suo cuore generoso: a 71 anni di et\u00e0 e 50 di vita religiosa il Signore la chiama a s\u00e9.<\/p>\n","protected":false},"excerpt":{"rendered":"<p>Terzogenita della famiglia di Carlo Re, agricoltore e fratello di madre Angela, nasce a Cortanze (AT) il 26 novembre 1723 ed \u00e8 battezzata con il nome di Francesca forse su consiglio della zia, Terziaria francescana. Stupisce la sua somiglianza con la zia e anche la sua grande inclinazione alla preghiera: pur piccolissima unisce la sua [&hellip;]<\/p>\n","protected":false},"author":1,"featured_media":0,"parent":9,"menu_order":2,"comment_status":"closed","ping_status":"open","template":"full-width-page.php","meta":{"_et_pb_use_builder":"","_et_pb_old_content":"","_et_gb_content_width":"","ngg_post_thumbnail":0,"footnotes":""},"class_list":["post-24","page","type-page","status-publish","hentry"],"_links":{"self":[{"href":"https:\/\/www.suoredimontanaro.it\/wp\/wp-json\/wp\/v2\/pages\/24","targetHints":{"allow":["GET"]}}],"collection":[{"href":"https:\/\/www.suoredimontanaro.it\/wp\/wp-json\/wp\/v2\/pages"}],"about":[{"href":"https:\/\/www.suoredimontanaro.it\/wp\/wp-json\/wp\/v2\/types\/page"}],"author":[{"embeddable":true,"href":"https:\/\/www.suoredimontanaro.it\/wp\/wp-json\/wp\/v2\/users\/1"}],"replies":[{"embeddable":true,"href":"https:\/\/www.suoredimontanaro.it\/wp\/wp-json\/wp\/v2\/comments?post=24"}],"version-history":[{"count":10,"href":"https:\/\/www.suoredimontanaro.it\/wp\/wp-json\/wp\/v2\/pages\/24\/revisions"}],"predecessor-version":[{"id":181,"href":"https:\/\/www.suoredimontanaro.it\/wp\/wp-json\/wp\/v2\/pages\/24\/revisions\/181"}],"up":[{"embeddable":true,"href":"https:\/\/www.suoredimontanaro.it\/wp\/wp-json\/wp\/v2\/pages\/9"}],"wp:attachment":[{"href":"https:\/\/www.suoredimontanaro.it\/wp\/wp-json\/wp\/v2\/media?parent=24"}],"curies":[{"name":"wp","href":"https:\/\/api.w.org\/{rel}","templated":true}]}}